{"id":2,"date":"2024-07-28T20:15:33","date_gmt":"2024-07-28T18:15:33","guid":{"rendered":"https:\/\/terra.nestax.com\/?page_id=2"},"modified":"2024-07-28T20:59:53","modified_gmt":"2024-07-28T18:59:53","slug":"beispiel-seite","status":"publish","type":"page","link":"https:\/\/terra.nestax.com\/index.php\/beispiel-seite\/","title":{"rendered":"Status"},"content":{"rendered":"\n<h2 class=\"wp-block-heading\">Was bisher geschah.<\/h2>\n\n\n\n<p>Das Terra Framework befindet sich in der fr\u00fchen Entwicklungsphase. Diese kn\u00fcpft direkt an das nicht mehr fortgef\u00fchrte Terra-System an und startete im Jahr 2015. In dieser Zeit gab es nur wenig Fortschritt zu vermelden, allerdings ist ein agiler Vorschub bis 2026 geplant.<\/p>\n\n\n\n<hr class=\"wp-block-separator has-alpha-channel-opacity is-style-default\" style=\"margin-top:var(--wp--preset--spacing--30);margin-bottom:var(--wp--preset--spacing--30)\"\/>\n\n\n\n<h2 class=\"wp-block-heading\" style=\"margin-top:0;margin-bottom:0\">Grundsteinlegung<\/h2>\n\n\n\n<p>Terra steht auf einem soliden Fundament, dieses wurde in den vergangenen Jahren geschaffen. Es verspricht eine gute Aussicht f\u00fcr die Zukunft, da viel Sorgfalt in die Kapselung, Erweiterung und Wiederverwendbarkeit angewendet wurde. Ebendies soll es auch in Zukunft erm\u00f6glichen, das System langfristig kompatibel und stabil zu halten.<\/p>\n\n\n\n<figure class=\"wp-block-pullquote has-large-font-size\"><blockquote><p>&#8222;Als Basis dient ein solider Kern mit dem Standardfunktionssatz, an definierten Punkten werden Erweiterungen und Erg\u00e4nzungen nachr\u00fcstbar sein.&#8220;<\/p><cite>&#8211; Zitat aus dem Dossier<\/cite><\/blockquote><\/figure>\n\n\n\n<blockquote class=\"wp-block-quote is-layout-flow wp-block-quote-is-layout-flow\">\n<p>In einer sich st\u00e4ndig ver\u00e4ndernden Welt ist es stets notwendig, seine eigenen Ideen und W\u00fcnsche zu adaptieren. Es erfordert R\u00fcckkoppelung und ein gewichtiges Ma\u00df an Austausch und Analyse, nur so kann Erfolg garantiert werden.<\/p>\n<\/blockquote>\n\n\n\n<p>Das Terra Framework versucht m\u00f6glichst viele Aspekte der Geb\u00e4udetechnik einzufangen und dementsprechend L\u00f6sungen bereitzustellen. Dies ist jedoch eine gro\u00dfe Aufgabe die mit Sorgfalt und einem gewissen Ma\u00df an Qualit\u00e4t einhergeht. Ressourcen und Zeit sind begrenzt, trotzdem sehen wir mit Optimismus in die Zukunft und erwarten das Unerwartete.<\/p>\n","protected":false},"excerpt":{"rendered":"<p>Was bisher geschah. Das Terra Framework befindet sich in der fr\u00fchen Entwicklungsphase. Diese kn\u00fcpft direkt an das nicht mehr fortgef\u00fchrte Terra-System an und startete im Jahr 2015. In dieser Zeit gab es nur wenig Fortschritt zu vermelden, allerdings ist ein agiler Vorschub bis 2026 geplant. Grundsteinlegung Terra steht auf einem soliden Fundament, dieses wurde in [&hellip;]<\/p>\n","protected":false},"author":1,"featured_media":0,"parent":0,"menu_order":0,"comment_status":"closed","ping_status":"open","template":"","meta":{"footnotes":""},"class_list":["post-2","page","type-page","status-publish","hentry"],"_links":{"self":[{"href":"https:\/\/terra.nestax.com\/index.php\/wp-json\/wp\/v2\/pages\/2","targetHints":{"allow":["GET"]}}],"collection":[{"href":"https:\/\/terra.nestax.com\/index.php\/wp-json\/wp\/v2\/pages"}],"about":[{"href":"https:\/\/terra.nestax.com\/index.php\/wp-json\/wp\/v2\/types\/page"}],"author":[{"embeddable":true,"href":"https:\/\/terra.nestax.com\/index.php\/wp-json\/wp\/v2\/users\/1"}],"replies":[{"embeddable":true,"href":"https:\/\/terra.nestax.com\/index.php\/wp-json\/wp\/v2\/comments?post=2"}],"version-history":[{"count":4,"href":"https:\/\/terra.nestax.com\/index.php\/wp-json\/wp\/v2\/pages\/2\/revisions"}],"predecessor-version":[{"id":16,"href":"https:\/\/terra.nestax.com\/index.php\/wp-json\/wp\/v2\/pages\/2\/revisions\/16"}],"wp:attachment":[{"href":"https:\/\/terra.nestax.com\/index.php\/wp-json\/wp\/v2\/media?parent=2"}],"curies":[{"name":"wp","href":"https:\/\/api.w.org\/{rel}","templated":true}]}}